{"id":347,"date":"2025-01-09T17:59:47","date_gmt":"2025-01-09T17:59:47","guid":{"rendered":"https:\/\/indie-visuals.de\/?page_id=347"},"modified":"2025-01-09T17:59:47","modified_gmt":"2025-01-09T17:59:47","slug":"impressum","status":"publish","type":"page","link":"https:\/\/indie-visuals.de\/?page_id=347","title":{"rendered":"Impressum"},"content":{"rendered":"\n<h4 class=\"wp-block-heading\">Angaben gem\u00e4\u00df \u00a7 5 TMG<\/h4>\n\n\n\n<p>Kerstin Baier<br>Herbststra\u00dfe 10<br>83620 Feldkirchen-Westerham<br>Deutschland<\/p>\n\n\n\n<h4 class=\"wp-block-heading\">KOntakt<\/h4>\n\n\n\n<p>E-Mail: hello(at)indie-visuals.de<br>Telefon: +49 1799075900<\/p>\n\n\n\n<h4 class=\"wp-block-heading\">Umsatzsteuer-Identifikationsnummer gem\u00e4\u00df \u00a7 27a UStG<\/h4>\n\n\n\n<p>DE264537059<\/p>\n\n\n\n<h4 class=\"wp-block-heading\">Verantwortlich f\u00fcr den Inhalt nach \u00a7 55 Abs. 2 RStV<\/h4>\n\n\n\n<p>Kerstin Baier<br>Herbststra\u00dfe 10<br>83620 Feldkirchen-Westerham<\/p>\n\n\n\n<h4 class=\"wp-block-heading\">Haftungsausschluss (Disclaimer)<\/h4>\n\n\n\n<h6 class=\"wp-block-heading\"><strong>Haftung f\u00fcr Inhalte<\/strong><\/h6>\n\n\n\n<p>Als Diensteanbieter bin ich gem\u00e4\u00df \u00a7 7 Abs.1 TMG f\u00fcr eigene Inhalte auf diesen Seiten nach den allgemeinen Gesetzen verantwortlich. Nach \u00a7\u00a7 8 bis 10 TMG bin ich als Diensteanbieter jedoch nicht verpflichtet, \u00fcbermittelte oder gespeicherte fremde Informationen zu \u00fcberwachen oder nach Umst\u00e4nden zu forschen, die auf eine rechtswidrige T\u00e4tigkeit hinweisen.<br>Verpflichtungen zur Entfernung oder Sperrung der Nutzung von Informationen nach den allgemeinen Gesetzen bleiben hiervon unber\u00fchrt. Eine diesbez\u00fcgliche Haftung ist jedoch erst ab dem Zeitpunkt der Kenntnis einer konkreten Rechtsverletzung m\u00f6glich. Bei Bekanntwerden von entsprechenden Rechtsverletzungen werde ich diese Inhalte umgehend entfernen.<\/p>\n\n\n\n<h6 class=\"wp-block-heading\"><strong>Haftung f\u00fcr Links<\/strong><\/h6>\n\n\n\n<p>Mein Angebot enth\u00e4lt Links zu externen Websites Dritter, auf deren Inhalte ich keinen Einfluss habe. Deshalb kann ich f\u00fcr diese fremden Inhalte auch keine Gew\u00e4hr \u00fcbernehmen. F\u00fcr die Inhalte der verlinkten Seiten ist stets der jeweilige Anbieter oder Betreiber der Seiten verantwortlich. Die verlinkten Seiten wurden zum Zeitpunkt der Verlinkung auf m\u00f6gliche Rechtsverst\u00f6\u00dfe \u00fcberpr\u00fcft. Rechtswidrige Inhalte waren zum Zeitpunkt der Verlinkung nicht erkennbar.<br>Eine permanente inhaltliche Kontrolle der verlinkten Seiten ist jedoch ohne konkrete Anhaltspunkte einer Rechtsverletzung nicht zumutbar. Bei Bekanntwerden von Rechtsverletzungen werde ich derartige Links umgehend entfernen.<\/p>\n\n\n\n<h3 class=\"wp-block-heading\">Urheberrecht<\/h3>\n\n\n\n<p>Die durch den Seitenbetreiber erstellten Inhalte und Werke auf diesen Seiten unterliegen dem deutschen Urheberrecht. Beitr\u00e4ge Dritter sind als solche gekennzeichnet. Die Vervielf\u00e4ltigung, Bearbeitung, Verbreitung und jede Art der Verwertung au\u00dferhalb der Grenzen des Urheberrechts bed\u00fcrfen der schriftlichen Zustimmung des jeweiligen Autors bzw. Erstellers. Downloads und Kopien dieser Seite sind nur f\u00fcr den privaten, nicht kommerziellen Gebrauch gestattet.<br>Soweit die Inhalte auf dieser Seite nicht vom Betreiber erstellt wurden, werden die Urheberrechte Dritter beachtet. Sollten Sie trotzdem auf eine Urheberrechtsverletzung aufmerksam werden, bitte ich um einen entsprechenden Hinweis. Bei Bekanntwerden von Rechtsverletzungen werde ich derartige Inhalte umgehend entfernen.<\/p>\n","protected":false},"excerpt":{"rendered":"<p>Angaben gem\u00e4\u00df \u00a7 5 TMG Kerstin BaierHerbststra\u00dfe 1083620 Feldkirchen-WesterhamDeutschland KOntakt E-Mail: hello(at)indie-visuals.deTelefon: +49 1799075900 Umsatzsteuer-Identifikationsnummer gem\u00e4\u00df \u00a7 27a UStG DE264537059 Verantwortlich f\u00fcr den Inhalt nach \u00a7 55 Abs. 2 RStV Kerstin BaierHerbststra\u00dfe 1083620 Feldkirchen-Westerham Haftungsausschluss (Disclaimer) Haftung f\u00fcr Inhalte Als Diensteanbieter bin ich gem\u00e4\u00df \u00a7 7 Abs.1 TMG f\u00fcr eigene Inhalte auf diesen Seiten nach [&hellip;]<\/p>\n","protected":false},"author":1,"featured_media":0,"parent":0,"menu_order":0,"comment_status":"closed","ping_status":"closed","template":"","meta":{"footnotes":""},"class_list":["post-347","page","type-page","status-publish","hentry"],"blocksy_meta":[],"_links":{"self":[{"href":"https:\/\/indie-visuals.de\/index.php?rest_route=\/wp\/v2\/pages\/347","targetHints":{"allow":["GET"]}}],"collection":[{"href":"https:\/\/indie-visuals.de\/index.php?rest_route=\/wp\/v2\/pages"}],"about":[{"href":"https:\/\/indie-visuals.de\/index.php?rest_route=\/wp\/v2\/types\/page"}],"author":[{"embeddable":true,"href":"https:\/\/indie-visuals.de\/index.php?rest_route=\/wp\/v2\/users\/1"}],"replies":[{"embeddable":true,"href":"https:\/\/indie-visuals.de\/index.php?rest_route=%2Fwp%2Fv2%2Fcomments&post=347"}],"version-history":[{"count":2,"href":"https:\/\/indie-visuals.de\/index.php?rest_route=\/wp\/v2\/pages\/347\/revisions"}],"predecessor-version":[{"id":353,"href":"https:\/\/indie-visuals.de\/index.php?rest_route=\/wp\/v2\/pages\/347\/revisions\/353"}],"wp:attachment":[{"href":"https:\/\/indie-visuals.de\/index.php?rest_route=%2Fwp%2Fv2%2Fmedia&parent=347"}],"curies":[{"name":"wp","href":"https:\/\/api.w.org\/{rel}","templated":true}]}}